{"id":69,"date":"2025-01-17T16:25:14","date_gmt":"2025-01-17T15:25:14","guid":{"rendered":"http:\/\/elsabozec.fr\/?post_type=product&#038;p=69"},"modified":"2026-01-26T14:56:27","modified_gmt":"2026-01-26T13:56:27","slug":"tasse-expresso","status":"publish","type":"product","link":"https:\/\/elsabozec.fr\/?product=tasse-expresso","title":{"rendered":"Tasse expresso"},"content":{"rendered":"","protected":false},"excerpt":{"rendered":"<p>Chaque pi\u00e8ce est r\u00e9alis\u00e9e individuellement \u00e0 la main et cuite \u00e0 haute temp\u00e9rature.\u00a0 Il peut y avoir de l\u00e9g\u00e8res variations de forme, de dimension et de densit\u00e9 d\u2019\u00e9mail, ce qui rend chaque pi\u00e8ce unique.<\/p>\n<p>Dimensions : H 3,5cm, D 5cm<\/p>\n<p>Composition : Gr\u00e8s blanc ou gr\u00e8s noir chamott\u00e9, \u00e9mail transparent<\/p>\n<p>Contenance : 5cl<\/p>\n<p>Entretien : Lave vaisselle, micro onde<\/p>\n","protected":false},"featured_media":134,"comment_status":"open","ping_status":"closed","template":"","meta":[],"product_brand":[],"product_cat":[16,18],"product_tag":[],"class_list":{"0":"post-69","1":"product","2":"type-product","3":"status-publish","4":"has-post-thumbnail","6":"product_cat-art-de-la-table","7":"product_cat-tasses","8":"product_shipping_class-colis","10":"first","11":"instock","12":"shipping-taxable","13":"purchasable","14":"product-type-variable"},"jetpack_sharing_enabled":true,"_links":{"self":[{"href":"https:\/\/elsabozec.fr\/index.php?rest_route=\/wp\/v2\/product\/69","targetHints":{"allow":["GET"]}}],"collection":[{"href":"https:\/\/elsabozec.fr\/index.php?rest_route=\/wp\/v2\/product"}],"about":[{"href":"https:\/\/elsabozec.fr\/index.php?rest_route=\/wp\/v2\/types\/product"}],"replies":[{"embeddable":true,"href":"https:\/\/elsabozec.fr\/index.php?rest_route=%2Fwp%2Fv2%2Fcomments&post=69"}],"wp:featuredmedia":[{"embeddable":true,"href":"https:\/\/elsabozec.fr\/index.php?rest_route=\/wp\/v2\/media\/134"}],"wp:attachment":[{"href":"https:\/\/elsabozec.fr\/index.php?rest_route=%2Fwp%2Fv2%2Fmedia&parent=69"}],"wp:term":[{"taxonomy":"product_brand","embeddable":true,"href":"https:\/\/elsabozec.fr\/index.php?rest_route=%2Fwp%2Fv2%2Fproduct_brand&post=69"},{"taxonomy":"product_cat","embeddable":true,"href":"https:\/\/elsabozec.fr\/index.php?rest_route=%2Fwp%2Fv2%2Fproduct_cat&post=69"},{"taxonomy":"product_tag","embeddable":true,"href":"https:\/\/elsabozec.fr\/index.php?rest_route=%2Fwp%2Fv2%2Fproduct_tag&post=69"}],"curies":[{"name":"wp","href":"https:\/\/api.w.org\/{rel}","templated":true}]}}