{"id":62,"date":"2025-01-17T15:42:31","date_gmt":"2025-01-17T14:42:31","guid":{"rendered":"http:\/\/elsabozec.fr\/?post_type=product&#038;p=62"},"modified":"2025-05-19T14:30:26","modified_gmt":"2025-05-19T12:30:26","slug":"vase-pompei","status":"publish","type":"product","link":"https:\/\/elsabozec.fr\/?product=vase-pompei","title":{"rendered":"Vase Pompei"},"content":{"rendered":"","protected":false},"excerpt":{"rendered":"<p>Vase model\u00e9 \u00e0 la main en gr\u00e8s et \u00e9maill\u00e9 \u00e0 l&rsquo;int\u00e9rieur. Pi\u00e8ce unique.<\/p>\n<p>Chaque pi\u00e8ce est r\u00e9alis\u00e9e individuellement \u00e0 la main et cuite \u00e0 haute temp\u00e9rature. Il peut y avoir de l\u00e9g\u00e8res variations de forme, de dimension et de densit\u00e9 d&rsquo;\u00e9mail, ce qui rend chaque pi\u00e8ce unique.<\/p>\n<p>Dimensions : H 20 cm, D 23 cm<\/p>\n<p>Composition : Gr\u00e8s noir chamott\u00e9, \u00e9mail transparent<\/p>\n","protected":false},"featured_media":140,"comment_status":"open","ping_status":"closed","template":"","meta":[],"product_brand":[],"product_cat":[15,16,28,21],"product_tag":[],"class_list":{"0":"post-62","1":"product","2":"type-product","3":"status-publish","4":"has-post-thumbnail","6":"product_cat-non-classe","7":"product_cat-art-de-la-table","8":"product_cat-collection","9":"product_cat-vases","10":"product_shipping_class-colis-lourd","12":"first","13":"instock","14":"shipping-taxable","15":"purchasable","16":"product-type-simple"},"jetpack_sharing_enabled":true,"_links":{"self":[{"href":"https:\/\/elsabozec.fr\/index.php?rest_route=\/wp\/v2\/product\/62","targetHints":{"allow":["GET"]}}],"collection":[{"href":"https:\/\/elsabozec.fr\/index.php?rest_route=\/wp\/v2\/product"}],"about":[{"href":"https:\/\/elsabozec.fr\/index.php?rest_route=\/wp\/v2\/types\/product"}],"replies":[{"embeddable":true,"href":"https:\/\/elsabozec.fr\/index.php?rest_route=%2Fwp%2Fv2%2Fcomments&post=62"}],"wp:featuredmedia":[{"embeddable":true,"href":"https:\/\/elsabozec.fr\/index.php?rest_route=\/wp\/v2\/media\/140"}],"wp:attachment":[{"href":"https:\/\/elsabozec.fr\/index.php?rest_route=%2Fwp%2Fv2%2Fmedia&parent=62"}],"wp:term":[{"taxonomy":"product_brand","embeddable":true,"href":"https:\/\/elsabozec.fr\/index.php?rest_route=%2Fwp%2Fv2%2Fproduct_brand&post=62"},{"taxonomy":"product_cat","embeddable":true,"href":"https:\/\/elsabozec.fr\/index.php?rest_route=%2Fwp%2Fv2%2Fproduct_cat&post=62"},{"taxonomy":"product_tag","embeddable":true,"href":"https:\/\/elsabozec.fr\/index.php?rest_route=%2Fwp%2Fv2%2Fproduct_tag&post=62"}],"curies":[{"name":"wp","href":"https:\/\/api.w.org\/{rel}","templated":true}]}}