{"id":282,"date":"2026-02-10T12:41:56","date_gmt":"2026-02-10T11:41:56","guid":{"rendered":"https:\/\/elsabozec.fr\/?post_type=product&#038;p=282"},"modified":"2026-02-10T15:07:41","modified_gmt":"2026-02-10T14:07:41","slug":"suspension","status":"publish","type":"product","link":"https:\/\/elsabozec.fr\/?product=suspension","title":{"rendered":"Suspension"},"content":{"rendered":"","protected":false},"excerpt":{"rendered":"<p>Suspension en \u00a0collaboration avec \u00f6\u00f6-\u00f6\u00f6 .<\/p>\n<p>Pi\u00e8ce unique pour chaque exemplaire.<\/p>\n<p>Chaque pi\u00e8ce est r\u00e9alis\u00e9e individuellement \u00e0 la main et cuite \u00e0 haute temp\u00e9rature. Les pans de tissus sont confectionn\u00e9s selon la technique du pojagi. Le choix des tissus d\u00e9pende des chutes de l&rsquo;artisane.<\/p>\n<p>Dimensions : H 30cm, D 21cm<\/p>\n<p>Composition : Gr\u00e8s blanc ou gr\u00e8s noir chamott\u00e9, \u00e9mail transparent ou blanc. Textile : lin, coton, viscose&#8230;<\/p>\n<p>La suspension est vendue seule, compatible avec une douille E27 pour plafonnier.<\/p>\n","protected":false},"featured_media":283,"comment_status":"open","ping_status":"closed","template":"","meta":[],"product_brand":[],"product_cat":[20,25],"product_tag":[],"class_list":{"0":"post-282","1":"product","2":"type-product","3":"status-publish","4":"has-post-thumbnail","6":"product_cat-deco","7":"product_cat-lampes","9":"first","10":"instock","11":"shipping-taxable","12":"purchasable","13":"product-type-variable"},"jetpack_sharing_enabled":true,"_links":{"self":[{"href":"https:\/\/elsabozec.fr\/index.php?rest_route=\/wp\/v2\/product\/282","targetHints":{"allow":["GET"]}}],"collection":[{"href":"https:\/\/elsabozec.fr\/index.php?rest_route=\/wp\/v2\/product"}],"about":[{"href":"https:\/\/elsabozec.fr\/index.php?rest_route=\/wp\/v2\/types\/product"}],"replies":[{"embeddable":true,"href":"https:\/\/elsabozec.fr\/index.php?rest_route=%2Fwp%2Fv2%2Fcomments&post=282"}],"wp:featuredmedia":[{"embeddable":true,"href":"https:\/\/elsabozec.fr\/index.php?rest_route=\/wp\/v2\/media\/283"}],"wp:attachment":[{"href":"https:\/\/elsabozec.fr\/index.php?rest_route=%2Fwp%2Fv2%2Fmedia&parent=282"}],"wp:term":[{"taxonomy":"product_brand","embeddable":true,"href":"https:\/\/elsabozec.fr\/index.php?rest_route=%2Fwp%2Fv2%2Fproduct_brand&post=282"},{"taxonomy":"product_cat","embeddable":true,"href":"https:\/\/elsabozec.fr\/index.php?rest_route=%2Fwp%2Fv2%2Fproduct_cat&post=282"},{"taxonomy":"product_tag","embeddable":true,"href":"https:\/\/elsabozec.fr\/index.php?rest_route=%2Fwp%2Fv2%2Fproduct_tag&post=282"}],"curies":[{"name":"wp","href":"https:\/\/api.w.org\/{rel}","templated":true}]}}