{"id":262,"date":"2026-02-06T15:48:55","date_gmt":"2026-02-06T14:48:55","guid":{"rendered":"https:\/\/elsabozec.fr\/?post_type=product&#038;p=262"},"modified":"2026-02-10T14:36:47","modified_gmt":"2026-02-10T13:36:47","slug":"coupe-umi","status":"publish","type":"product","link":"https:\/\/elsabozec.fr\/?product=coupe-umi","title":{"rendered":"Coupe Umi"},"content":{"rendered":"","protected":false},"excerpt":{"rendered":"<p>Coupe tourn\u00e9e et model\u00e9e \u00e0 la main. Pi\u00e8ce unique<\/p>\n<p>Chaque pi\u00e8ce est r\u00e9alis\u00e9e individuellement \u00e0 la main et cuite \u00e0 haute temp\u00e9rature.\u00a0 Il peut y avoir de l\u00e9g\u00e8res variations de forme, de dimension et de densit\u00e9 d&rsquo;\u00e9mail, ce qui rend chaque pi\u00e8ce unique.<\/p>\n<p>Dimensions : H 18cm, D 20cm<\/p>\n<p>Composition : Gr\u00e8s blanc, anneaux m\u00e9talliques, \u00e9mail vert\/blanc<\/p>\n<p>&nbsp;<\/p>\n<p>Entretien : Lave vaisselle, micro onde<\/p>\n","protected":false},"featured_media":269,"comment_status":"open","ping_status":"closed","template":"","meta":[],"product_brand":[],"product_cat":[19],"product_tag":[],"class_list":{"0":"post-262","1":"product","2":"type-product","3":"status-publish","4":"has-post-thumbnail","6":"product_cat-coupes","8":"first","9":"instock","10":"shipping-taxable","11":"purchasable","12":"product-type-simple"},"jetpack_sharing_enabled":true,"_links":{"self":[{"href":"https:\/\/elsabozec.fr\/index.php?rest_route=\/wp\/v2\/product\/262","targetHints":{"allow":["GET"]}}],"collection":[{"href":"https:\/\/elsabozec.fr\/index.php?rest_route=\/wp\/v2\/product"}],"about":[{"href":"https:\/\/elsabozec.fr\/index.php?rest_route=\/wp\/v2\/types\/product"}],"replies":[{"embeddable":true,"href":"https:\/\/elsabozec.fr\/index.php?rest_route=%2Fwp%2Fv2%2Fcomments&post=262"}],"wp:featuredmedia":[{"embeddable":true,"href":"https:\/\/elsabozec.fr\/index.php?rest_route=\/wp\/v2\/media\/269"}],"wp:attachment":[{"href":"https:\/\/elsabozec.fr\/index.php?rest_route=%2Fwp%2Fv2%2Fmedia&parent=262"}],"wp:term":[{"taxonomy":"product_brand","embeddable":true,"href":"https:\/\/elsabozec.fr\/index.php?rest_route=%2Fwp%2Fv2%2Fproduct_brand&post=262"},{"taxonomy":"product_cat","embeddable":true,"href":"https:\/\/elsabozec.fr\/index.php?rest_route=%2Fwp%2Fv2%2Fproduct_cat&post=262"},{"taxonomy":"product_tag","embeddable":true,"href":"https:\/\/elsabozec.fr\/index.php?rest_route=%2Fwp%2Fv2%2Fproduct_tag&post=262"}],"curies":[{"name":"wp","href":"https:\/\/api.w.org\/{rel}","templated":true}]}}