{"id":170,"date":"2025-04-22T12:11:17","date_gmt":"2025-04-22T10:11:17","guid":{"rendered":"http:\/\/elsabozec.fr\/?post_type=product&#038;p=170"},"modified":"2026-01-26T14:52:55","modified_gmt":"2026-01-26T13:52:55","slug":"saladier-kyma","status":"publish","type":"product","link":"https:\/\/elsabozec.fr\/?product=saladier-kyma","title":{"rendered":"Saladier Kyma"},"content":{"rendered":"","protected":false},"excerpt":{"rendered":"<p>Saladier model\u00e9 \u00e0 la main.<\/p>\n<p>Chaque pi\u00e8ce est r\u00e9alis\u00e9e individuellement \u00e0 la main et cuite \u00e0 haute temp\u00e9rature. Il peut y avoir de l\u00e9g\u00e8res variations de forme, de dimension et de densit\u00e9 d\u2019\u00e9mail, ce qui rend chaque pi\u00e8ce unique.<\/p>\n<p>Dimensions : H 9cm, L 28cm<\/p>\n<p>Composition : Gr\u00e8s blanc, gr\u00e8s noir chamott\u00e9, \u00e9mail blanc cristal<\/p>\n<p>Entretien : Lave vaisselle<\/p>\n","protected":false},"featured_media":171,"comment_status":"open","ping_status":"closed","template":"","meta":[],"product_brand":[],"product_cat":[16,19],"product_tag":[],"class_list":{"0":"post-170","1":"product","2":"type-product","3":"status-publish","4":"has-post-thumbnail","6":"product_cat-art-de-la-table","7":"product_cat-coupes","8":"product_shipping_class-colis-lourd","10":"first","11":"instock","12":"shipping-taxable","13":"purchasable","14":"product-type-simple"},"jetpack_sharing_enabled":true,"_links":{"self":[{"href":"https:\/\/elsabozec.fr\/index.php?rest_route=\/wp\/v2\/product\/170","targetHints":{"allow":["GET"]}}],"collection":[{"href":"https:\/\/elsabozec.fr\/index.php?rest_route=\/wp\/v2\/product"}],"about":[{"href":"https:\/\/elsabozec.fr\/index.php?rest_route=\/wp\/v2\/types\/product"}],"replies":[{"embeddable":true,"href":"https:\/\/elsabozec.fr\/index.php?rest_route=%2Fwp%2Fv2%2Fcomments&post=170"}],"wp:featuredmedia":[{"embeddable":true,"href":"https:\/\/elsabozec.fr\/index.php?rest_route=\/wp\/v2\/media\/171"}],"wp:attachment":[{"href":"https:\/\/elsabozec.fr\/index.php?rest_route=%2Fwp%2Fv2%2Fmedia&parent=170"}],"wp:term":[{"taxonomy":"product_brand","embeddable":true,"href":"https:\/\/elsabozec.fr\/index.php?rest_route=%2Fwp%2Fv2%2Fproduct_brand&post=170"},{"taxonomy":"product_cat","embeddable":true,"href":"https:\/\/elsabozec.fr\/index.php?rest_route=%2Fwp%2Fv2%2Fproduct_cat&post=170"},{"taxonomy":"product_tag","embeddable":true,"href":"https:\/\/elsabozec.fr\/index.php?rest_route=%2Fwp%2Fv2%2Fproduct_tag&post=170"}],"curies":[{"name":"wp","href":"https:\/\/api.w.org\/{rel}","templated":true}]}}