{"id":222,"date":"2025-04-28T15:01:27","date_gmt":"2025-04-28T13:01:27","guid":{"rendered":"http:\/\/elsabozec.fr\/?page_id=222"},"modified":"2025-04-28T15:01:27","modified_gmt":"2025-04-28T13:01:27","slug":"politique-de-confidentialite-2","status":"publish","type":"page","link":"https:\/\/elsabozec.fr\/?page_id=222","title":{"rendered":"Politique de confidentialit\u00e9"},"content":{"rendered":"\n<p>La pr\u00e9sente Charte de confidentialit\u00e9 vous informe sur la nature des informations personnelles collect\u00e9es \u00e0 votre sujet, sur la mani\u00e8re et la finalit\u00e9 de leur utilisation, ainsi que sur les destinataires de ces informations.<\/p>\n\n\n\n<p>Cette Charte s&rsquo;applique aux informations personnelles concernant nos clients et futurs clients.<\/p>\n\n\n\n<p>Cette Charte peut \u00eatre modifi\u00e9e, compl\u00e9t\u00e9e ou mise \u00e0 jour afin notamment de se conformer \u00e0 toute \u00e9volution l\u00e9gale, r\u00e9glementaire, jurisprudentielle et technique. Cependant, vos donn\u00e9es personnelles seront toujours trait\u00e9es conform\u00e9ment \u00e0 la politique en vigueur au moment de leur collecte, sauf si une prescription l\u00e9gale imp\u00e9rative venait \u00e0 en disposer autrement et serait d&rsquo;application r\u00e9troactive.<\/p>\n\n\n\n<p><strong>Responsable de traitement<\/strong><\/p>\n\n\n\n<p>Elsa Bozec <br>17 avenue Camille Pujol<br>31500 Toulouse<br>0680266317<br>Mail : elsa.bozec@gmail.com<\/p>\n\n\n\n<p><strong>Collecte des donn\u00e9es<\/strong><\/p>\n\n\n\n<p>Les donn\u00e9es vous concernant sont collect\u00e9es directement aupr\u00e8s de vous, apr\u00e8s recueil de votre consentement lorsque cela est n\u00e9cessaire, dans les hypoth\u00e8ses suivantes :<br>Lorsque vous consultez le site internet de l\u2019\u00e9tablissement :<br>&#8211; Si vous r\u00e9alisez une commande (service\/produit) en ligne<br>&#8211; Si vous prenez contact pour une demande de renseignements<br>&#8211; Si vous demandez \u00e0 recevoir la newsletter<br>&#8211; Si vous acceptez les cookies<br>Lorsque vous vous rendez dans l\u2019\u00e9tablissement ou lorsque vous contactez l\u2019\u00e9tablissement par t\u00e9l\u00e9phone, dans les hypoth\u00e8ses suivantes :\u00a0<br>&#8211; Si vous venez retirer une commande<br>&#8211; Si vous demandez des renseignements sur les produits et les services de l\u2019atelier<br>&#8211; Si vous demandez un devis<\/p>\n\n\n\n<p><strong>Nature des donn\u00e9es collect\u00e9es<\/strong><\/p>\n\n\n\n<p>Les donn\u00e9es personnelles collect\u00e9es peuvent \u00eatre les suivantes :<br>&#8211; Coordonn\u00e9es et \u00e9tat civil (exemple : nom, num\u00e9ro de t\u00e9l\u00e9phone fixe et\/ou portable, adresse \u00e9lectronique).<br>&#8211; Informations relatives \u00e0 la commande d\u2019une prestation (exemple : modalit\u00e9s de r\u00e9ception d\u2019un produit, date et heure de rendez-vous pour une prestation, etc.)<br>&#8211; Informations relatives au paiement (exemple : moyen de paiement utilis\u00e9)<br>&#8211; Informations li\u00e9es au suivi de la relation client (exemple : enqu\u00eate de satisfaction, conservation des r\u00e9clamations, etc.).<br>&#8211; Images (exemple : images prises \u00e0 des fins de communication sur les r\u00e9seaux sociaux)<\/p>\n\n\n\n<p><strong>Finalit\u00e9s et fondements des traitements<\/strong><\/p>\n\n\n\n<p>L\u2019\u00e9tablissement ne recueillera vos donn\u00e9es personnelles qu\u2019en fonction d\u2019une finalit\u00e9 pr\u00e9cise, et selon un fondement sp\u00e9cifique (ex\u00e9cution d\u2019un contrat, votre consentement ou int\u00e9r\u00eat l\u00e9gitime de l\u2019\u00e9tablissement).<br>En fonction de la prestation, les finalit\u00e9s et fondements sont les suivants :<br>&#8211; Fourniture de produits et services<br>Donn\u00e9es collect\u00e9es : identit\u00e9, coordonn\u00e9es.<br>Finalit\u00e9s : prise en charge du client, r\u00e9alisation de la prestation, facturation et paiement.<br>Fondement : ex\u00e9cution contractuelle.<br>&#8211; Relation client<br>Donn\u00e9es collect\u00e9es : identit\u00e9, coordonn\u00e9es, avis et r\u00e9clamations.<br>Finalit\u00e9s : r\u00e9ponses aux demandes de renseignements et aux r\u00e9clamations.<br>Fondements : int\u00e9r\u00eat l\u00e9gitime de l\u2019\u00e9tablissement et obligation l\u00e9gale (obligations li\u00e9es au droit de r\u00e9tractation du consommateur).<br>&#8211; Communication<br>Donn\u00e9es collect\u00e9es : identit\u00e9, coordonn\u00e9es, pr\u00e9f\u00e9rences concernant le m\u00e9dia utilis\u00e9 pour recevoir la communication.<br>Finalit\u00e9s : information du client quant aux actualit\u00e9s de l\u2019atelier et nouveaux produits.<br>Fondement : int\u00e9r\u00eat l\u00e9gitime de l\u2019\u00e9tablissement.<br>&#8211; Respect des obligations l\u00e9gales et r\u00e9glementaires<br>Donn\u00e9es : donn\u00e9es de vos transactions, de vos paiements, votre historique de commandes et les informations li\u00e9es \u00e0 la commande<br>Finalit\u00e9s : lutte contre la fraude aux moyens de paiement.<br>Fondement : obligations l\u00e9gales de coop\u00e9rer avec les organismes de lutte contre diff\u00e9rents types de fraude.<\/p>\n\n\n\n<p><strong>Destinataires des donn\u00e9es<\/strong><\/p>\n\n\n\n<p>L\u2019\u00e9tablissement est susceptible de partager vos donn\u00e9es avec des organismes autoris\u00e9.<\/p>\n\n\n\n<p>Ainsi, l\u2019\u00e9tablissement peut avoir recours \u00e0 des sous-traitants (toute soci\u00e9t\u00e9 amen\u00e9e \u00e0 traiter des donn\u00e9es personnelles suivant les instructions de l\u2019\u00e9tablissement) pour le traitement de vos donn\u00e9es personnelles dans la limite n\u00e9cessaire \u00e0 l\u2019accomplissement de leurs prestations (exemple : h\u00e9berger un site, g\u00e9rer l\u2019envoi d\u2019offres promotionnelles).<\/p>\n\n\n\n<p>L\u2019\u00e9tablissement veille, par contrat avec le sous-traitant, au respect par celui-ci de la confidentialit\u00e9 et de la s\u00e9curit\u00e9 des donn\u00e9es personnelles qu\u2019ils re\u00e7oivent.<\/p>\n\n\n\n<p>Sauf dans les cas \u00e9nonc\u00e9s ci-dessus, l\u2019\u00e9tablissement s&rsquo;engage \u00e0 ne pas vendre, louer ou c\u00e9der vos donn\u00e9es personnelles \u00e0 des tiers sans votre consentement.<\/p>\n\n\n\n<p><strong>Dur\u00e9e de conservation des donn\u00e9es<\/strong><\/p>\n\n\n\n<p>Vos donn\u00e9es seront conserv\u00e9es en s\u00e9curit\u00e9 par l\u2019\u00e9tablissement pendant la dur\u00e9e strictement n\u00e9cessaire \u00e0 la r\u00e9alisation des finalit\u00e9s qui ont \u00e9t\u00e9 indiqu\u00e9es ci-dessus, ou pendant la dur\u00e9e de conservation minimale pr\u00e9vue par la l\u00e9gislation applicable. Par exemple, les donn\u00e9es li\u00e9es \u00e0 la r\u00e9alisation de la prestation seront conserv\u00e9es pendant toute la dur\u00e9e du contrat, et pendant une dur\u00e9e de 5 ans \u00e0 compter de la fin de la prestation, sauf disposition l\u00e9gale plus contraignante. Autre exemple : les donn\u00e9es li\u00e9es \u00e0 l\u2019envoi d\u2019offres promotionnelles seront conserv\u00e9es 3 ans apr\u00e8s la derni\u00e8re prise de contact, sauf exercice de votre droit d\u2019opposition.<\/p>\n\n\n\n<p><strong>Exercice de vos droits<\/strong><\/p>\n\n\n\n<p>Vous pouvez exercer aupr\u00e8s de l\u2019\u00e9tablissement vos droits d&rsquo;acc\u00e8s, de rectification, d&rsquo;effacement, de limitation, portabilit\u00e9 de vos donn\u00e9es, d&rsquo;opposition aux traitements pour des motifs l\u00e9gitimes, et un droit de d\u00e9finir le sort de vos donn\u00e9es post-mortem.<\/p>\n\n\n\n<p>Vous pouvez exercer ces droits en vous adressant \u00e0 :<\/p>\n\n\n\n<p>Elsa Bozec<br>17 avenue Camille Pujol<br>31500 Toulouse<br>0680266317<br>Mail :\u00a0elsa.bozec@gmail.com<\/p>\n\n\n\n<p>Vous pouvez aussi introduire une r\u00e9clamation directement aupr\u00e8s de la Commission Nationale de l\u2019Informatique et des Libert\u00e9s (CNIL) sur https:\/\/www.cnil.fr. Pour toute information sur la protection des donn\u00e9es personnelles, vous pouvez \u00e9galement consulter la CNIL.<\/p>\n\n\n\n<p><\/p>\n","protected":false},"excerpt":{"rendered":"<p>La pr\u00e9sente Charte de confidentialit\u00e9 vous informe sur la nature des informations personnelles collect\u00e9es \u00e0 votre sujet, sur la mani\u00e8re et la finalit\u00e9 de leur utilisation, ainsi que sur les destinataires de ces informations. Cette Charte s&rsquo;applique aux informations personnelles concernant nos clients et futurs clients. Cette Charte peut \u00eatre modifi\u00e9e, compl\u00e9t\u00e9e ou mise \u00e0 [&hellip;]<\/p>\n","protected":false},"author":1,"featured_media":0,"parent":0,"menu_order":0,"comment_status":"closed","ping_status":"closed","template":"","meta":{"footnotes":""},"class_list":["post-222","page","type-page","status-publish","hentry"],"jetpack_sharing_enabled":true,"_links":{"self":[{"href":"https:\/\/elsabozec.fr\/index.php?rest_route=\/wp\/v2\/pages\/222","targetHints":{"allow":["GET"]}}],"collection":[{"href":"https:\/\/elsabozec.fr\/index.php?rest_route=\/wp\/v2\/pages"}],"about":[{"href":"https:\/\/elsabozec.fr\/index.php?rest_route=\/wp\/v2\/types\/page"}],"author":[{"embeddable":true,"href":"https:\/\/elsabozec.fr\/index.php?rest_route=\/wp\/v2\/users\/1"}],"replies":[{"embeddable":true,"href":"https:\/\/elsabozec.fr\/index.php?rest_route=%2Fwp%2Fv2%2Fcomments&post=222"}],"version-history":[{"count":1,"href":"https:\/\/elsabozec.fr\/index.php?rest_route=\/wp\/v2\/pages\/222\/revisions"}],"predecessor-version":[{"id":223,"href":"https:\/\/elsabozec.fr\/index.php?rest_route=\/wp\/v2\/pages\/222\/revisions\/223"}],"wp:attachment":[{"href":"https:\/\/elsabozec.fr\/index.php?rest_route=%2Fwp%2Fv2%2Fmedia&parent=222"}],"curies":[{"name":"wp","href":"https:\/\/api.w.org\/{rel}","templated":true}]}}